{"id":138,"date":"2023-03-12T22:18:38","date_gmt":"2023-03-12T21:18:38","guid":{"rendered":"http:\/\/wondernanny.fr\/?page_id=138"},"modified":"2024-01-16T14:45:21","modified_gmt":"2024-01-16T13:45:21","slug":"garde-a-domicile","status":"publish","type":"page","link":"https:\/\/wondernanny.fr\/index.php\/garde-a-domicile\/","title":{"rendered":"GARDE A DOMICILE"},"content":{"rendered":"<p align=\"CENTER\"><span style=\"color: #575757;\"><span style=\"font-family: Nunito Sans, sans-serif;\"><span style=\"font-size: large;\"><span style=\"vertical-align: inherit;\"><span style=\"vertical-align: inherit;\"><span style=\"vertical-align: inherit;\"><span style=\"vertical-align: inherit;\"><span style=\"vertical-align: inherit;\"><span style=\"vertical-align: inherit;\"><span style=\"vertical-align: inherit;\"><span style=\"vertical-align: inherit;\"><span style=\"vertical-align: inherit;\"><span style=\"vertical-align: inherit;\">Un rendez-vous important, une envie de soir\u00e9e en amoureux ? <\/span><\/span><\/span><\/span><\/span><\/span><\/span><\/span><\/span><span style=\"vertical-align: inherit;\"><span style=\"vertical-align: inherit;\"><span style=\"vertical-align: inherit;\"><span style=\"vertical-align: inherit;\"><span style=\"vertical-align: inherit;\"><span style=\"vertical-align: inherit;\"><span style=\"vertical-align: inherit;\"><span style=\"vertical-align: inherit;\"><span style=\"vertical-align: inherit;\">N&#8217;h\u00e9sitez plus, faites confiance \u00e0 WonderNanny pour s&#8217;occuper de vos enfants ! <\/span><\/span><\/span><\/span><\/span><\/span><\/span><\/span><\/span><span style=\"vertical-align: inherit;\"><span style=\"vertical-align: inherit;\"><span style=\"vertical-align: inherit;\"><span style=\"vertical-align: inherit;\"><span style=\"vertical-align: inherit;\"><span style=\"vertical-align: inherit;\"><span style=\"vertical-align: inherit;\"><span style=\"vertical-align: inherit;\"><span style=\"vertical-align: inherit;\">Plus de 12 ann\u00e9es d&#8217;exp\u00e9rience<\/span><\/span><\/span><\/span><\/span><\/span><\/span><\/span><\/span><\/span><\/span><\/span><\/span><\/p>\n<p align=\"CENTER\"><span style=\"color: #575757;\"><span style=\"font-family: Nunito Sans, sans-serif;\"><span style=\"font-size: large;\"><span style=\"vertical-align: inherit;\"><span style=\"vertical-align: inherit;\"><span style=\"vertical-align: inherit;\"><span style=\"vertical-align: inherit;\"><span style=\"vertical-align: inherit;\"><span style=\"vertical-align: inherit;\"><span style=\"vertical-align: inherit;\"><span style=\"vertical-align: inherit;\"><span style=\"vertical-align: inherit;\"><span style=\"vertical-align: inherit;\">Avant tout contact, merci de prendre connaissance du document qui regroupe les prestations propos\u00e9es, les tarifs, les conditions de prestations et les documents de r\u00e9servation :<\/span><\/span><\/span><\/span><\/span><\/span><\/span><\/span><\/span><\/span><\/span><\/span><\/span><\/p>\n<p align=\"CENTER\"><span style=\"color: #575757;\"><span style=\"font-family: Nunito Sans, sans-serif;\"><span style=\"font-size: large;\"><span style=\"vertical-align: inherit;\"><span style=\"vertical-align: inherit;\"><span style=\"vertical-align: inherit;\"><span style=\"vertical-align: inherit;\"><span style=\"vertical-align: inherit;\"><span style=\"vertical-align: inherit;\"><span style=\"vertical-align: inherit;\"><span style=\"vertical-align: inherit;\"><span style=\"vertical-align: inherit;\"><span style=\"vertical-align: inherit;\">Pour plus de simplicit\u00e9, vous pouvez t\u00e9l\u00e9charger ce document (format PDF) :<\/span><\/span><\/span><\/span><\/span><\/span><\/span><\/span><\/span><\/span><\/span><\/span><\/span><\/p>\n<p align=\"CENTER\"><a href=\"http:\/\/wondernanny.fr\/wp-content\/uploads\/2024\/01\/WonderNanny-2024-Tout-ce-quil-faut-savoir-Tarifs-questions-reservation-etc.pdf\"><span style=\"vertical-align: inherit;\"><span style=\"vertical-align: inherit;\"><span style=\"vertical-align: inherit;\"><span style=\"vertical-align: inherit;\"><span style=\"vertical-align: inherit;\"><span style=\"vertical-align: inherit;\">WonderNanny 2024 &#8211; Tout ce qu&#8217;il faut savoir &#8211; Tarifs, questions, r\u00e9servation etc&#8230;<\/span><\/span><\/span><\/span><\/span><\/span><\/a><\/p>\n","protected":false},"excerpt":{"rendered":"<p>Un rendez-vous important, une envie de soir\u00e9e en amoureux ? N&#8217;h\u00e9sitez plus, faites confiance \u00e0 WonderNanny pour s&#8217;occuper de vos enfants ! Plus de 12 ann\u00e9es d&#8217;exp\u00e9rience Avant tout contact, merci de prendre connaissance du document qui regroupe les prestations propos\u00e9es, les tarifs, les conditions de prestations et les documents de r\u00e9servation : Pour plus de simplicit\u00e9, vous pouvez t\u00e9l\u00e9charger &hellip; <\/p>\n","protected":false},"author":1,"featured_media":0,"parent":0,"menu_order":0,"comment_status":"closed","ping_status":"closed","template":"","meta":{"footnotes":""},"class_list":["post-138","page","type-page","status-publish","hentry"],"_links":{"self":[{"href":"https:\/\/wondernanny.fr\/index.php\/wp-json\/wp\/v2\/pages\/138","targetHints":{"allow":["GET"]}}],"collection":[{"href":"https:\/\/wondernanny.fr\/index.php\/wp-json\/wp\/v2\/pages"}],"about":[{"href":"https:\/\/wondernanny.fr\/index.php\/wp-json\/wp\/v2\/types\/page"}],"author":[{"embeddable":true,"href":"https:\/\/wondernanny.fr\/index.php\/wp-json\/wp\/v2\/users\/1"}],"replies":[{"embeddable":true,"href":"https:\/\/wondernanny.fr\/index.php\/wp-json\/wp\/v2\/comments?post=138"}],"version-history":[{"count":8,"href":"https:\/\/wondernanny.fr\/index.php\/wp-json\/wp\/v2\/pages\/138\/revisions"}],"predecessor-version":[{"id":182,"href":"https:\/\/wondernanny.fr\/index.php\/wp-json\/wp\/v2\/pages\/138\/revisions\/182"}],"wp:attachment":[{"href":"https:\/\/wondernanny.fr\/index.php\/wp-json\/wp\/v2\/media?parent=138"}],"curies":[{"name":"wp","href":"https:\/\/api.w.org\/{rel}","templated":true}]}}